{"id":187,"date":"2024-08-21T19:00:22","date_gmt":"2024-08-21T19:00:22","guid":{"rendered":"https:\/\/kapecars.ch\/?page_id=187"},"modified":"2024-09-09T18:53:58","modified_gmt":"2024-09-09T18:53:58","slug":"impressum","status":"publish","type":"page","link":"https:\/\/kapecars.ch\/en\/impressum\/","title":{"rendered":"Imprint"},"content":{"rendered":"<div data-elementor-type=\"wp-page\" data-elementor-id=\"187\" class=\"elementor elementor-187\" data-elementor-post-type=\"page\">\n\t\t\t\t<div class=\"elementor-element elementor-element-7d96dbd e-flex e-con-boxed e-con e-parent\" data-id=\"7d96dbd\" data-element_type=\"container\">\n\t\t\t\t\t<div class=\"e-con-inner\">\n\t\t\t\t<div class=\"elementor-element elementor-element-baf24f3 elementor-widget elementor-widget-heading\" data-id=\"baf24f3\" data-element_type=\"widget\" data-widget_type=\"heading.default\">\n\t\t\t\t<div class=\"elementor-widget-container\">\n\t\t\t\t\t<h2 class=\"elementor-heading-title elementor-size-default\">Imprint<\/h2>\t\t\t\t<\/div>\n\t\t\t\t<\/div>\n\t\t\t\t<div class=\"elementor-element elementor-element-76d92a3 elementor-widget elementor-widget-text-editor\" data-id=\"76d92a3\" data-element_type=\"widget\" data-widget_type=\"text-editor.default\">\n\t\t\t\t<div class=\"elementor-widget-container\">\n\t\t\t\t\t\t\t\t\t<p class=\"translation-block\"><b>Responsible entity:<br><br>Charl\u00e8ne Steck<br><\/b>Kapecars.ch<br>+41 78 888 82 89<br><strong>E-mail<\/strong>: info@kapecars.ch<\/p><p class=\"translation-block\"><strong>Authorized Representatives<br><br><\/strong>Peter Kappeler<\/p><p><strong>Disclaimer<br \/><\/strong><br \/>The author assumes no liability for the correctness, accuracy, timeliness, reliability, and completeness of the information.<br \/>Haftungsanspr\u00fcche gegen den Autor wegen Sch\u00e4den materieller oder immaterieller Art, die aus dem Zugriff oder der Nutzung bzw. Nichtnutzung der ver\u00f6ffentlichten Informationen, durch Missbrauch der Verbindung oder durch technische St\u00f6rungen entstanden sind, werden ausgeschlossen.<\/p><p>All offers are subject to change without notice. The author expressly reserves the right to change, supplement, or delete parts of the pages or the entire offer without prior notice, or to temporarily or permanently discontinue publication.<\/p><p><strong>Disclaimer for content and links<br \/><\/strong><br \/>References and links to third-party websites are outside our area of \u200b\u200bresponsibility. We disclaim all liability for such websites. Access to and use of such websites is at the user's own risk.<\/p><p><strong>Copyright Statement<br \/><\/strong><br \/>The copyright and all other rights to content, images, photos, or other files on this website belong exclusively to Charl\u00e8ne Steck GmbH or the specifically named rights holders. Prior written consent from the copyright holder is required for the reproduction of any elements.<\/p>\t\t\t\t\t\t\t\t<\/div>\n\t\t\t\t<\/div>\n\t\t\t\t\t<\/div>\n\t\t\t\t<\/div>\n\t\t\t\t<\/div>","protected":false},"excerpt":{"rendered":"<p>impressum Verantwortliche Instanz: Charl\u00e8ne SteckKapecars.ch+41 78 888 82 89E-Mail: info@kapecars.ch Vertretungsberechtigte Personen Peter Kappeler HaftungsausschlussDer Autor \u00fcbernimmt keine Gew\u00e4hr f\u00fcr die Richtigkeit, Genauigkeit, Aktualit\u00e4t, Zuverl\u00e4ssigkeit und Vollst\u00e4ndigkeit der Informationen.Haftungsanspr\u00fcche gegen den Autor wegen Sch\u00e4den materieller oder immaterieller Art, die aus dem Zugriff oder der Nutzung bzw. Nichtnutzung der ver\u00f6ffentlichten Informationen, durch Missbrauch der Verbindung oder [&hellip;]<\/p>\n","protected":false},"author":1,"featured_media":0,"parent":0,"menu_order":0,"comment_status":"closed","ping_status":"closed","template":"elementor_header_footer","meta":{"footnotes":""},"class_list":["post-187","page","type-page","status-publish","hentry"],"_links":{"self":[{"href":"https:\/\/kapecars.ch\/en\/wp-json\/wp\/v2\/pages\/187","targetHints":{"allow":["GET"]}}],"collection":[{"href":"https:\/\/kapecars.ch\/en\/wp-json\/wp\/v2\/pages"}],"about":[{"href":"https:\/\/kapecars.ch\/en\/wp-json\/wp\/v2\/types\/page"}],"author":[{"embeddable":true,"href":"https:\/\/kapecars.ch\/en\/wp-json\/wp\/v2\/users\/1"}],"replies":[{"embeddable":true,"href":"https:\/\/kapecars.ch\/en\/wp-json\/wp\/v2\/comments?post=187"}],"version-history":[{"count":0,"href":"https:\/\/kapecars.ch\/en\/wp-json\/wp\/v2\/pages\/187\/revisions"}],"wp:attachment":[{"href":"https:\/\/kapecars.ch\/en\/wp-json\/wp\/v2\/media?parent=187"}],"curies":[{"name":"wp","href":"https:\/\/api.w.org\/{rel}","templated":true}]}}